{"id":1039,"date":"2021-12-21T20:12:56","date_gmt":"2021-12-21T20:12:56","guid":{"rendered":"https:\/\/startersites.io\/elementor\/homi\/?page_id=1039"},"modified":"2025-05-28T00:56:59","modified_gmt":"2025-05-27T22:56:59","slug":"a-propos","status":"publish","type":"page","link":"https:\/\/lokmar.com\/?page_id=1039","title":{"rendered":"\u00c2 Propos"},"content":{"rendered":"\t\t<div data-elementor-type=\"wp-page\" data-elementor-id=\"1039\" class=\"elementor elementor-1039\">\n\t\t\t\t<div class=\"elementor-element elementor-element-f49c922 e-flex e-con-boxed e-con e-parent\" data-id=\"f49c922\" data-element_type=\"container\" data-e-type=\"container\">\n\t\t\t\t\t<div class=\"e-con-inner\">\n\t\t\t\t<div class=\"elementor-element elementor-element-29df309 elementor-widget elementor-widget-image\" data-id=\"29df309\" data-element_type=\"widget\" data-e-type=\"widget\" data-widget_type=\"image.default\">\n\t\t\t\t<div class=\"elementor-widget-container\">\n\t\t\t\t\t\t\t\t\t\t\t\t\t\t\t<img fetchpriority=\"high\" width=\"683\" height=\"1024\"  class=\"attachment-large size-large wp-image-1587 lws-optimize-lazyload\" alt=\"\" srcset=\"https:\/\/lokmar.com\/wp-content\/uploads\/2025\/05\/pexels-wolfart-32171334-683x1024.jpg 683w, https:\/\/lokmar.com\/wp-content\/uploads\/2025\/05\/pexels-wolfart-32171334-200x300.jpg 200w, https:\/\/lokmar.com\/wp-content\/uploads\/2025\/05\/pexels-wolfart-32171334-768x1152.jpg 768w, https:\/\/lokmar.com\/wp-content\/uploads\/2025\/05\/pexels-wolfart-32171334-1024x1536.jpg 1024w, https:\/\/lokmar.com\/wp-content\/uploads\/2025\/05\/pexels-wolfart-32171334-1365x2048.jpg 1365w, https:\/\/lokmar.com\/wp-content\/uploads\/2025\/05\/pexels-wolfart-32171334-300x450.jpg 300w, https:\/\/lokmar.com\/wp-content\/uploads\/2025\/05\/pexels-wolfart-32171334-600x900.jpg 600w, https:\/\/lokmar.com\/wp-content\/uploads\/2025\/05\/pexels-wolfart-32171334-scaled.jpg 1707w\" sizes=\"(max-width: 683px) 100vw, 683px\" \/ data-src=\"https:\/\/lokmar.com\/wp-content\/uploads\/2025\/05\/pexels-wolfart-32171334-683x1024.jpg\">\t\t\t\t\t\t\t\t\t\t\t\t\t\t\t<\/div>\n\t\t\t\t<\/div>\n\t\t\t\t\t<\/div>\n\t\t\t\t<\/div>\n\t\t\t\t<section class=\"elementor-section elementor-top-section elementor-element elementor-element-f1fb84e elementor-section-boxed elementor-section-height-default elementor-section-height-default\" data-id=\"f1fb84e\" data-element_type=\"section\" data-e-type=\"section\">\n\t\t\t\t\t\t<div class=\"elementor-container elementor-column-gap-default\">\n\t\t\t\t\t<div class=\"elementor-column elementor-col-100 elementor-top-column elementor-element elementor-element-b95565c\" data-id=\"b95565c\" data-element_type=\"column\" data-e-type=\"column\">\n\t\t\t<div class=\"elementor-widget-wrap elementor-element-populated\">\n\t\t\t\t\t\t<div class=\"elementor-element elementor-element-f5f169e elementor-widget elementor-widget-heading\" data-id=\"f5f169e\" data-element_type=\"widget\" data-e-type=\"widget\" data-widget_type=\"heading.default\">\n\t\t\t\t<div class=\"elementor-widget-container\">\n\t\t\t\t\t<h2 class=\"elementor-heading-title elementor-size-default\">NOTRE HISTOIRE <\/h2>\t\t\t\t<\/div>\n\t\t\t\t<\/div>\n\t\t\t\t\t<\/div>\n\t\t<\/div>\n\t\t\t\t\t<\/div>\n\t\t<\/section>\n\t\t\t\t<section class=\"elementor-section elementor-top-section elementor-element elementor-element-bba6cb0 elementor-section-boxed elementor-section-height-default elementor-section-height-default\" data-id=\"bba6cb0\" data-element_type=\"section\" data-e-type=\"section\">\n\t\t\t\t\t\t<div class=\"elementor-container elementor-column-gap-extended\">\n\t\t\t\t\t<div class=\"elementor-column elementor-col-100 elementor-top-column elementor-element elementor-element-caebb6a\" data-id=\"caebb6a\" data-element_type=\"column\" data-e-type=\"column\">\n\t\t\t<div class=\"elementor-widget-wrap elementor-element-populated\">\n\t\t\t\t\t\t<div class=\"elementor-element elementor-element-d0d11e3 elementor-widget elementor-widget-text-editor\" data-id=\"d0d11e3\" data-element_type=\"widget\" data-e-type=\"widget\" data-widget_type=\"text-editor.default\">\n\t\t\t\t<div class=\"elementor-widget-container\">\n\t\t\t\t\t\t\t\t\t<p data-start=\"154\" data-end=\"433\">Depuis sa cr\u00e9ation, <strong data-start=\"174\" data-end=\"184\">Lokmar<\/strong> s\u2019est impos\u00e9 comme une r\u00e9f\u00e9rence incontournable dans l\u2019univers du digital en Afrique. Fond\u00e9e avec une vision audacieuse, notre entreprise s\u2019est donn\u00e9e pour mission de rendre les solutions num\u00e9riques accessibles, efficaces et \u00e0 forte valeur ajout\u00e9e.<\/p><p data-start=\"154\" data-end=\"433\">\u00a0Au fil des ann\u00e9es, nous avons su b\u00e2tir une communaut\u00e9 solide de clients, de partenaires et d\u2019apprenants satisfaits, en proposant des services digitaux de qualit\u00e9 et en mettant l\u2019accent sur la transformation num\u00e9rique \u00e0 port\u00e9e de tous. Gr\u00e2ce \u00e0 notre savoir-faire, notre r\u00e9activit\u00e9 et notre passion, <strong data-start=\"733\" data-end=\"743\">Lokmar<\/strong> continue de contribuer activement \u00e0 l\u2019\u00e9volution digitale du continent.<\/p><p data-start=\"435\" data-end=\"814\">\u00a0<\/p>\t\t\t\t\t\t\t\t<\/div>\n\t\t\t\t<\/div>\n\t\t\t\t\t<\/div>\n\t\t<\/div>\n\t\t\t\t\t<\/div>\n\t\t<\/section>\n\t\t\t\t<section class=\"elementor-section elementor-top-section elementor-element elementor-element-7e10026 elementor-section-boxed elementor-section-height-default elementor-section-height-default\" data-id=\"7e10026\" data-element_type=\"section\" data-e-type=\"section\">\n\t\t\t\t\t\t<div class=\"elementor-container elementor-column-gap-default\">\n\t\t\t\t\t<div class=\"elementor-column elementor-col-100 elementor-top-column elementor-element elementor-element-29a05d9\" data-id=\"29a05d9\" data-element_type=\"column\" data-e-type=\"column\">\n\t\t\t<div class=\"elementor-widget-wrap elementor-element-populated\">\n\t\t\t\t\t\t<div class=\"elementor-element elementor-element-78f88b4 elementor-widget elementor-widget-heading\" data-id=\"78f88b4\" data-element_type=\"widget\" data-e-type=\"widget\" data-widget_type=\"heading.default\">\n\t\t\t\t<div class=\"elementor-widget-container\">\n\t\t\t\t\t<h2 class=\"elementor-heading-title elementor-size-default\">Notre Engagement<\/h2>\t\t\t\t<\/div>\n\t\t\t\t<\/div>\n\t\t\t\t\t<\/div>\n\t\t<\/div>\n\t\t\t\t\t<\/div>\n\t\t<\/section>\n\t\t\t\t<section class=\"elementor-section elementor-top-section elementor-element elementor-element-7bcec0a elementor-section-content-middle elementor-section-boxed elementor-section-height-default elementor-section-height-default\" data-id=\"7bcec0a\" data-element_type=\"section\" data-e-type=\"section\">\n\t\t\t\t\t\t<div class=\"elementor-container elementor-column-gap-wide\">\n\t\t\t\t\t<div class=\"elementor-column elementor-col-50 elementor-top-column elementor-element elementor-element-fcc8d49\" data-id=\"fcc8d49\" data-element_type=\"column\" data-e-type=\"column\">\n\t\t\t<div class=\"elementor-widget-wrap elementor-element-populated\">\n\t\t\t\t\t\t<div class=\"elementor-element elementor-element-9c29062 elementor-widget elementor-widget-image\" data-id=\"9c29062\" data-element_type=\"widget\" data-e-type=\"widget\" data-widget_type=\"image.default\">\n\t\t\t\t<div class=\"elementor-widget-container\">\n\t\t\t\t\t\t\t\t\t\t\t\t\t\t\t<img width=\"1707\" height=\"2560\"  class=\"attachment-full size-full wp-image-1596 lws-optimize-lazyload\" alt=\"\" srcset=\"https:\/\/lokmar.com\/wp-content\/uploads\/2025\/05\/pexels-gabby-k-9430877-scaled.jpg 1707w, https:\/\/lokmar.com\/wp-content\/uploads\/2025\/05\/pexels-gabby-k-9430877-200x300.jpg 200w, https:\/\/lokmar.com\/wp-content\/uploads\/2025\/05\/pexels-gabby-k-9430877-683x1024.jpg 683w, https:\/\/lokmar.com\/wp-content\/uploads\/2025\/05\/pexels-gabby-k-9430877-768x1152.jpg 768w, https:\/\/lokmar.com\/wp-content\/uploads\/2025\/05\/pexels-gabby-k-9430877-1024x1536.jpg 1024w, https:\/\/lokmar.com\/wp-content\/uploads\/2025\/05\/pexels-gabby-k-9430877-1365x2048.jpg 1365w, https:\/\/lokmar.com\/wp-content\/uploads\/2025\/05\/pexels-gabby-k-9430877-300x450.jpg 300w, https:\/\/lokmar.com\/wp-content\/uploads\/2025\/05\/pexels-gabby-k-9430877-600x900.jpg 600w\" sizes=\"(max-width: 1707px) 100vw, 1707px\" \/ data-src=\"https:\/\/lokmar.com\/wp-content\/uploads\/2025\/05\/pexels-gabby-k-9430877-scaled.jpg\">\t\t\t\t\t\t\t\t\t\t\t\t\t\t\t<\/div>\n\t\t\t\t<\/div>\n\t\t\t\t\t<\/div>\n\t\t<\/div>\n\t\t\t\t<div class=\"elementor-column elementor-col-50 elementor-top-column elementor-element elementor-element-9c4c2bb\" data-id=\"9c4c2bb\" data-element_type=\"column\" data-e-type=\"column\">\n\t\t\t<div class=\"elementor-widget-wrap elementor-element-populated\">\n\t\t\t\t\t\t<div class=\"elementor-element elementor-element-e7a8d96 elementor-widget elementor-widget-heading\" data-id=\"e7a8d96\" data-element_type=\"widget\" data-e-type=\"widget\" data-widget_type=\"heading.default\">\n\t\t\t\t<div class=\"elementor-widget-container\">\n\t\t\t\t\t<h3 class=\"elementor-heading-title elementor-size-default\">Besoin de nous contacter ?<\/h3>\t\t\t\t<\/div>\n\t\t\t\t<\/div>\n\t\t\t\t<div class=\"elementor-element elementor-element-af00849 elementor-widget elementor-widget-text-editor\" data-id=\"af00849\" data-element_type=\"widget\" data-e-type=\"widget\" data-widget_type=\"text-editor.default\">\n\t\t\t\t<div class=\"elementor-widget-container\">\n\t\t\t\t\t\t\t\t\t<p>Avez-vous des questions ou pr\u00e9occupations ?<\/p>\t\t\t\t\t\t\t\t<\/div>\n\t\t\t\t<\/div>\n\t\t\t\t<div class=\"elementor-element elementor-element-04f5c4b elementor-mobile-align-center elementor-tablet-align-center elementor-align-center elementor-widget elementor-widget-button\" data-id=\"04f5c4b\" data-element_type=\"widget\" data-e-type=\"widget\" data-widget_type=\"button.default\">\n\t\t\t\t<div class=\"elementor-widget-container\">\n\t\t\t\t\t\t\t\t\t<div class=\"elementor-button-wrapper\">\n\t\t\t\t\t<a class=\"elementor-button elementor-button-link elementor-size-lg\" href=\"#\">\n\t\t\t\t\t\t<span class=\"elementor-button-content-wrapper\">\n\t\t\t\t\t\t\t\t\t<span class=\"elementor-button-text\">Contactez-nous <\/span>\n\t\t\t\t\t<\/span>\n\t\t\t\t\t<\/a>\n\t\t\t\t<\/div>\n\t\t\t\t\t\t\t\t<\/div>\n\t\t\t\t<\/div>\n\t\t\t\t\t<\/div>\n\t\t<\/div>\n\t\t\t\t\t<\/div>\n\t\t<\/section>\n\t\t\t\t<section class=\"elementor-section elementor-top-section elementor-element elementor-element-45ac383 elementor-section-content-middle elementor-section-boxed elementor-section-height-default elementor-section-height-default\" data-id=\"45ac383\" data-element_type=\"section\" data-e-type=\"section\" data-settings=\"{&quot;background_background&quot;:&quot;classic&quot;}\">\n\t\t\t\t\t\t<div class=\"elementor-container elementor-column-gap-default\">\n\t\t\t\t\t<div class=\"elementor-column elementor-col-100 elementor-top-column elementor-element elementor-element-d0382da\" data-id=\"d0382da\" data-element_type=\"column\" data-e-type=\"column\">\n\t\t\t<div class=\"elementor-widget-wrap elementor-element-populated\">\n\t\t\t\t\t\t<div class=\"elementor-element elementor-element-11a5d46 elementor-widget elementor-widget-heading\" data-id=\"11a5d46\" data-element_type=\"widget\" data-e-type=\"widget\" data-widget_type=\"heading.default\">\n\t\t\t\t<div class=\"elementor-widget-container\">\n\t\t\t\t\t<h2 class=\"elementor-heading-title elementor-size-default\">Notre d\u00e9vouement \u00e0 l'innovation dans l'\u00e9ducation et le num\u00e9rique<\/h2>\t\t\t\t<\/div>\n\t\t\t\t<\/div>\n\t\t\t\t<div class=\"elementor-element elementor-element-ab1a555 elementor-mobile-align-center elementor-tablet-align-center elementor-align-center elementor-widget elementor-widget-button\" data-id=\"ab1a555\" data-element_type=\"widget\" data-e-type=\"widget\" data-widget_type=\"button.default\">\n\t\t\t\t<div class=\"elementor-widget-container\">\n\t\t\t\t\t\t\t\t\t<div class=\"elementor-button-wrapper\">\n\t\t\t\t\t<a class=\"elementor-button elementor-button-link elementor-size-lg\" href=\"#\">\n\t\t\t\t\t\t<span class=\"elementor-button-content-wrapper\">\n\t\t\t\t\t\t\t\t\t<span class=\"elementor-button-text\">D\u00c9COUVREZ NOS FORMATIONS<\/span>\n\t\t\t\t\t<\/span>\n\t\t\t\t\t<\/a>\n\t\t\t\t<\/div>\n\t\t\t\t\t\t\t\t<\/div>\n\t\t\t\t<\/div>\n\t\t\t\t\t<\/div>\n\t\t<\/div>\n\t\t\t\t\t<\/div>\n\t\t<\/section>\n\t\t\t\t<section class=\"elementor-section elementor-top-section elementor-element elementor-element-d38eb87 elementor-section-boxed elementor-section-height-default elementor-section-height-default\" data-id=\"d38eb87\" data-element_type=\"section\" data-e-type=\"section\">\n\t\t\t\t\t\t<div class=\"elementor-container elementor-column-gap-default\">\n\t\t\t\t\t<div class=\"elementor-column elementor-col-100 elementor-top-column elementor-element elementor-element-d5278f7\" data-id=\"d5278f7\" data-element_type=\"column\" data-e-type=\"column\">\n\t\t\t<div class=\"elementor-widget-wrap elementor-element-populated\">\n\t\t\t\t\t\t<div class=\"elementor-element elementor-element-5a76192 elementor-widget elementor-widget-spacer\" data-id=\"5a76192\" data-element_type=\"widget\" data-e-type=\"widget\" data-widget_type=\"spacer.default\">\n\t\t\t\t<div class=\"elementor-widget-container\">\n\t\t\t\t\t\t\t<div class=\"elementor-spacer\">\n\t\t\t<div class=\"elementor-spacer-inner\"><\/div>\n\t\t<\/div>\n\t\t\t\t\t\t<\/div>\n\t\t\t\t<\/div>\n\t\t\t\t\t<\/div>\n\t\t<\/div>\n\t\t\t\t\t<\/div>\n\t\t<\/section>\n\t\t\t\t<section class=\"elementor-section elementor-top-section elementor-element elementor-element-8bfdb97 elementor-section-boxed elementor-section-height-default elementor-section-height-default\" data-id=\"8bfdb97\" data-element_type=\"section\" data-e-type=\"section\">\n\t\t\t\t\t\t<div class=\"elementor-container elementor-column-gap-default\">\n\t\t\t\t\t<div class=\"elementor-column elementor-col-100 elementor-top-column elementor-element elementor-element-1e9d827\" data-id=\"1e9d827\" data-element_type=\"column\" data-e-type=\"column\">\n\t\t\t<div class=\"elementor-widget-wrap elementor-element-populated\">\n\t\t\t\t\t\t<div class=\"elementor-element elementor-element-17353f1 elementor-widget elementor-widget-spacer\" data-id=\"17353f1\" data-element_type=\"widget\" data-e-type=\"widget\" data-widget_type=\"spacer.default\">\n\t\t\t\t<div class=\"elementor-widget-container\">\n\t\t\t\t\t\t\t<div class=\"elementor-spacer\">\n\t\t\t<div class=\"elementor-spacer-inner\"><\/div>\n\t\t<\/div>\n\t\t\t\t\t\t<\/div>\n\t\t\t\t<\/div>\n\t\t\t\t\t<\/div>\n\t\t<\/div>\n\t\t\t\t\t<\/div>\n\t\t<\/section>\n\t\t\t\t<\/div>\n\t\t","protected":false},"excerpt":{"rendered":"<p>NOTRE HISTOIRE Depuis sa cr\u00e9ation, Lokmar s\u2019est impos\u00e9 comme une r\u00e9f\u00e9rence incontournable dans l\u2019univers du digital en Afrique. Fond\u00e9e avec une vision audacieuse, notre entreprise s\u2019est donn\u00e9e pour mission de rendre les solutions num\u00e9riques accessibles, efficaces et \u00e0 forte valeur ajout\u00e9e. \u00a0Au fil des ann\u00e9es, nous avons su b\u00e2tir une communaut\u00e9 solide de clients, de [&hellip;]<\/p>\n","protected":false},"author":1,"featured_media":0,"parent":0,"menu_order":0,"comment_status":"closed","ping_status":"closed","template":"","meta":{"footnotes":""},"class_list":["post-1039","page","type-page","status-publish","hentry"],"blocksy_meta":{"styles_descriptor":{"styles":{"desktop":"","tablet":"","mobile":""},"google_fonts":[],"version":6}},"yoast_head":"<!-- This site is optimized with the Yoast SEO plugin v27.4 - https:\/\/yoast.com\/product\/yoast-seo-wordpress\/ -->\n<title>\u00c2 Propos - lokmar<\/title>\n<meta name=\"robots\" content=\"index, follow, max-snippet:-1, max-image-preview:large, max-video-preview:-1\" \/>\n<link rel=\"canonical\" href=\"https:\/\/lokmar.com\/?page_id=1039\" \/>\n<meta property=\"og:locale\" content=\"fr_FR\" \/>\n<meta property=\"og:type\" content=\"article\" \/>\n<meta property=\"og:title\" content=\"\u00c2 Propos - lokmar\" \/>\n<meta property=\"og:description\" content=\"NOTRE HISTOIRE Depuis sa cr\u00e9ation, Lokmar s\u2019est impos\u00e9 comme une r\u00e9f\u00e9rence incontournable dans l\u2019univers du digital en Afrique. Fond\u00e9e avec une vision audacieuse, notre entreprise s\u2019est donn\u00e9e pour mission de rendre les solutions num\u00e9riques accessibles, efficaces et \u00e0 forte valeur ajout\u00e9e. \u00a0Au fil des ann\u00e9es, nous avons su b\u00e2tir une communaut\u00e9 solide de clients, de [&hellip;]\" \/>\n<meta property=\"og:url\" content=\"https:\/\/lokmar.com\/?page_id=1039\" \/>\n<meta property=\"og:site_name\" content=\"lokmar\" \/>\n<meta property=\"article:modified_time\" content=\"2025-05-27T22:56:59+00:00\" \/>\n<meta property=\"og:image\" content=\"https:\/\/lokmar.com\/wp-content\/uploads\/2025\/05\/pexels-wolfart-32171334-scaled.jpg\" \/>\n\t<meta property=\"og:image:width\" content=\"1707\" \/>\n\t<meta property=\"og:image:height\" content=\"2560\" \/>\n\t<meta property=\"og:image:type\" content=\"image\/jpeg\" \/>\n<meta name=\"twitter:card\" content=\"summary_large_image\" \/>\n<meta name=\"twitter:label1\" content=\"Dur\u00e9e de lecture estim\u00e9e\" \/>\n\t<meta name=\"twitter:data1\" content=\"1 minute\" \/>\n<script type=\"application\/ld+json\" class=\"yoast-schema-graph\">{\"@context\":\"https:\\\/\\\/schema.org\",\"@graph\":[{\"@type\":\"WebPage\",\"@id\":\"https:\\\/\\\/lokmar.com\\\/?page_id=1039\",\"url\":\"https:\\\/\\\/lokmar.com\\\/?page_id=1039\",\"name\":\"\u00c2 Propos - lokmar\",\"isPartOf\":{\"@id\":\"https:\\\/\\\/lokmar.com\\\/#website\"},\"primaryImageOfPage\":{\"@id\":\"https:\\\/\\\/lokmar.com\\\/?page_id=1039#primaryimage\"},\"image\":{\"@id\":\"https:\\\/\\\/lokmar.com\\\/?page_id=1039#primaryimage\"},\"thumbnailUrl\":\"https:\\\/\\\/lokmar.com\\\/wp-content\\\/uploads\\\/2025\\\/05\\\/pexels-wolfart-32171334-683x1024.jpg\",\"datePublished\":\"2021-12-21T20:12:56+00:00\",\"dateModified\":\"2025-05-27T22:56:59+00:00\",\"breadcrumb\":{\"@id\":\"https:\\\/\\\/lokmar.com\\\/?page_id=1039#breadcrumb\"},\"inLanguage\":\"fr-FR\",\"potentialAction\":[{\"@type\":\"ReadAction\",\"target\":[\"https:\\\/\\\/lokmar.com\\\/?page_id=1039\"]}]},{\"@type\":\"ImageObject\",\"inLanguage\":\"fr-FR\",\"@id\":\"https:\\\/\\\/lokmar.com\\\/?page_id=1039#primaryimage\",\"url\":\"https:\\\/\\\/lokmar.com\\\/wp-content\\\/uploads\\\/2025\\\/05\\\/pexels-wolfart-32171334-scaled.jpg\",\"contentUrl\":\"https:\\\/\\\/lokmar.com\\\/wp-content\\\/uploads\\\/2025\\\/05\\\/pexels-wolfart-32171334-scaled.jpg\",\"width\":1707,\"height\":2560},{\"@type\":\"BreadcrumbList\",\"@id\":\"https:\\\/\\\/lokmar.com\\\/?page_id=1039#breadcrumb\",\"itemListElement\":[{\"@type\":\"ListItem\",\"position\":1,\"name\":\"Home\",\"item\":\"https:\\\/\\\/lokmar.com\\\/\"},{\"@type\":\"ListItem\",\"position\":2,\"name\":\"\u00c2 Propos\"}]},{\"@type\":\"WebSite\",\"@id\":\"https:\\\/\\\/lokmar.com\\\/#website\",\"url\":\"https:\\\/\\\/lokmar.com\\\/\",\"name\":\"lokmar\",\"description\":\"lokmar 2.0\",\"publisher\":{\"@id\":\"https:\\\/\\\/lokmar.com\\\/#organization\"},\"potentialAction\":[{\"@type\":\"SearchAction\",\"target\":{\"@type\":\"EntryPoint\",\"urlTemplate\":\"https:\\\/\\\/lokmar.com\\\/?s={search_term_string}\"},\"query-input\":{\"@type\":\"PropertyValueSpecification\",\"valueRequired\":true,\"valueName\":\"search_term_string\"}}],\"inLanguage\":\"fr-FR\"},{\"@type\":\"Organization\",\"@id\":\"https:\\\/\\\/lokmar.com\\\/#organization\",\"name\":\"lokmar\",\"url\":\"https:\\\/\\\/lokmar.com\\\/\",\"logo\":{\"@type\":\"ImageObject\",\"inLanguage\":\"fr-FR\",\"@id\":\"https:\\\/\\\/lokmar.com\\\/#\\\/schema\\\/logo\\\/image\\\/\",\"url\":\"https:\\\/\\\/lokmar.com\\\/wp-content\\\/uploads\\\/2025\\\/05\\\/Ajouter_un_titre__14_-removebg-preview.png\",\"contentUrl\":\"https:\\\/\\\/lokmar.com\\\/wp-content\\\/uploads\\\/2025\\\/05\\\/Ajouter_un_titre__14_-removebg-preview.png\",\"width\":500,\"height\":500,\"caption\":\"lokmar\"},\"image\":{\"@id\":\"https:\\\/\\\/lokmar.com\\\/#\\\/schema\\\/logo\\\/image\\\/\"}}]}<\/script>\n<!-- \/ Yoast SEO plugin. -->","yoast_head_json":{"title":"\u00c2 Propos - lokmar","robots":{"index":"index","follow":"follow","max-snippet":"max-snippet:-1","max-image-preview":"max-image-preview:large","max-video-preview":"max-video-preview:-1"},"canonical":"https:\/\/lokmar.com\/?page_id=1039","og_locale":"fr_FR","og_type":"article","og_title":"\u00c2 Propos - lokmar","og_description":"NOTRE HISTOIRE Depuis sa cr\u00e9ation, Lokmar s\u2019est impos\u00e9 comme une r\u00e9f\u00e9rence incontournable dans l\u2019univers du digital en Afrique. Fond\u00e9e avec une vision audacieuse, notre entreprise s\u2019est donn\u00e9e pour mission de rendre les solutions num\u00e9riques accessibles, efficaces et \u00e0 forte valeur ajout\u00e9e. \u00a0Au fil des ann\u00e9es, nous avons su b\u00e2tir une communaut\u00e9 solide de clients, de [&hellip;]","og_url":"https:\/\/lokmar.com\/?page_id=1039","og_site_name":"lokmar","article_modified_time":"2025-05-27T22:56:59+00:00","og_image":[{"width":1707,"height":2560,"url":"https:\/\/lokmar.com\/wp-content\/uploads\/2025\/05\/pexels-wolfart-32171334-scaled.jpg","type":"image\/jpeg"}],"twitter_card":"summary_large_image","twitter_misc":{"Dur\u00e9e de lecture estim\u00e9e":"1 minute"},"schema":{"@context":"https:\/\/schema.org","@graph":[{"@type":"WebPage","@id":"https:\/\/lokmar.com\/?page_id=1039","url":"https:\/\/lokmar.com\/?page_id=1039","name":"\u00c2 Propos - lokmar","isPartOf":{"@id":"https:\/\/lokmar.com\/#website"},"primaryImageOfPage":{"@id":"https:\/\/lokmar.com\/?page_id=1039#primaryimage"},"image":{"@id":"https:\/\/lokmar.com\/?page_id=1039#primaryimage"},"thumbnailUrl":"https:\/\/lokmar.com\/wp-content\/uploads\/2025\/05\/pexels-wolfart-32171334-683x1024.jpg","datePublished":"2021-12-21T20:12:56+00:00","dateModified":"2025-05-27T22:56:59+00:00","breadcrumb":{"@id":"https:\/\/lokmar.com\/?page_id=1039#breadcrumb"},"inLanguage":"fr-FR","potentialAction":[{"@type":"ReadAction","target":["https:\/\/lokmar.com\/?page_id=1039"]}]},{"@type":"ImageObject","inLanguage":"fr-FR","@id":"https:\/\/lokmar.com\/?page_id=1039#primaryimage","url":"https:\/\/lokmar.com\/wp-content\/uploads\/2025\/05\/pexels-wolfart-32171334-scaled.jpg","contentUrl":"https:\/\/lokmar.com\/wp-content\/uploads\/2025\/05\/pexels-wolfart-32171334-scaled.jpg","width":1707,"height":2560},{"@type":"BreadcrumbList","@id":"https:\/\/lokmar.com\/?page_id=1039#breadcrumb","itemListElement":[{"@type":"ListItem","position":1,"name":"Home","item":"https:\/\/lokmar.com\/"},{"@type":"ListItem","position":2,"name":"\u00c2 Propos"}]},{"@type":"WebSite","@id":"https:\/\/lokmar.com\/#website","url":"https:\/\/lokmar.com\/","name":"lokmar","description":"lokmar 2.0","publisher":{"@id":"https:\/\/lokmar.com\/#organization"},"potentialAction":[{"@type":"SearchAction","target":{"@type":"EntryPoint","urlTemplate":"https:\/\/lokmar.com\/?s={search_term_string}"},"query-input":{"@type":"PropertyValueSpecification","valueRequired":true,"valueName":"search_term_string"}}],"inLanguage":"fr-FR"},{"@type":"Organization","@id":"https:\/\/lokmar.com\/#organization","name":"lokmar","url":"https:\/\/lokmar.com\/","logo":{"@type":"ImageObject","inLanguage":"fr-FR","@id":"https:\/\/lokmar.com\/#\/schema\/logo\/image\/","url":"https:\/\/lokmar.com\/wp-content\/uploads\/2025\/05\/Ajouter_un_titre__14_-removebg-preview.png","contentUrl":"https:\/\/lokmar.com\/wp-content\/uploads\/2025\/05\/Ajouter_un_titre__14_-removebg-preview.png","width":500,"height":500,"caption":"lokmar"},"image":{"@id":"https:\/\/lokmar.com\/#\/schema\/logo\/image\/"}}]}},"jetpack_sharing_enabled":true,"_links":{"self":[{"href":"https:\/\/lokmar.com\/index.php?rest_route=\/wp\/v2\/pages\/1039","targetHints":{"allow":["GET"]}}],"collection":[{"href":"https:\/\/lokmar.com\/index.php?rest_route=\/wp\/v2\/pages"}],"about":[{"href":"https:\/\/lokmar.com\/index.php?rest_route=\/wp\/v2\/types\/page"}],"author":[{"embeddable":true,"href":"https:\/\/lokmar.com\/index.php?rest_route=\/wp\/v2\/users\/1"}],"replies":[{"embeddable":true,"href":"https:\/\/lokmar.com\/index.php?rest_route=%2Fwp%2Fv2%2Fcomments&post=1039"}],"version-history":[{"count":49,"href":"https:\/\/lokmar.com\/index.php?rest_route=\/wp\/v2\/pages\/1039\/revisions"}],"predecessor-version":[{"id":1823,"href":"https:\/\/lokmar.com\/index.php?rest_route=\/wp\/v2\/pages\/1039\/revisions\/1823"}],"wp:attachment":[{"href":"https:\/\/lokmar.com\/index.php?rest_route=%2Fwp%2Fv2%2Fmedia&parent=1039"}],"curies":[{"name":"wp","href":"https:\/\/api.w.org\/{rel}","templated":true}]}}